{"id":655,"date":"2024-03-11T17:00:44","date_gmt":"2024-03-11T16:00:44","guid":{"rendered":"https:\/\/www.le-petit-train-des-alpes.fr\/?page_id=655"},"modified":"2024-04-08T14:12:39","modified_gmt":"2024-04-08T12:12:39","slug":"moustier-sainte-marie","status":"publish","type":"page","link":"https:\/\/www.le-petit-train-des-alpes.fr\/?page_id=655","title":{"rendered":"Moustier Sainte Marie"},"content":{"rendered":"\n<div class=\"wp-block-media-text is-stacked-on-mobile\"><figure class=\"wp-block-media-text__media\"><img loading=\"lazy\" decoding=\"async\" width=\"275\" height=\"183\" src=\"https:\/\/www.le-petit-train-des-alpes.fr\/wp-content\/uploads\/2024\/03\/petit-train.jpg\" alt=\"\" class=\"wp-image-660 size-full\"\/><\/figure><div class=\"wp-block-media-text__content\">\n<p>Montez dans le plus beau village de France en petit train ,<\/p>\n\n\n\n<p>d\u00e9couvrir ses rues pi\u00e9tonnes ainsi que ses petits secrets .<\/p>\n\n\n\n<p>Gr\u00e2ce au petit train garez-vous au parking Ma\u00efre ou parking du stade au bord de la d\u00e9partemental  (<strong><em>parking gratuit<\/em><\/strong> ) et ne gal\u00e9r\u00e9 pas \u00e0 vous garez au village .<\/p>\n<\/div><\/div>\n\n\n\n<div class=\"wp-block-uagb-image aligncenter uagb-block-4e52d6d1 wp-block-uagb-image--layout-default wp-block-uagb-image--effect-static wp-block-uagb-image--align-center\"><figure class=\"wp-block-uagb-image__figure\"><img decoding=\"async\" srcset=\"https:\/\/www.le-petit-train-des-alpes.fr\/wp-content\/uploads\/2024\/03\/Capture-decran-2024-03-08-220632.png ,https:\/\/www.le-petit-train-des-alpes.fr\/wp-content\/uploads\/2024\/03\/Capture-decran-2024-03-08-220632.png 780w, https:\/\/www.le-petit-train-des-alpes.fr\/wp-content\/uploads\/2024\/03\/Capture-decran-2024-03-08-220632.png 360w\" sizes=\"auto, (max-width: 480px) 150px\" src=\"https:\/\/www.le-petit-train-des-alpes.fr\/wp-content\/uploads\/2024\/03\/Capture-decran-2024-03-08-220632.png\" alt=\"\" class=\"uag-image-657\" width=\"343\" height=\"386\" title=\"Capture-decran-2024-03-08-220632\" loading=\"lazy\"\/><\/figure><\/div>\n\n\n\n<div class=\"wp-block-columns is-layout-flex wp-container-core-columns-is-layout-28f84493 wp-block-columns-is-layout-flex\">\n<div class=\"wp-block-column is-layout-flow wp-block-column-is-layout-flow\">\n<div class=\"wp-block-buttons is-content-justification-center is-layout-flex wp-container-core-buttons-is-layout-a89b3969 wp-block-buttons-is-layout-flex\">\n<div class=\"wp-block-button\"><a class=\"wp-block-button__link wp-element-button\" href=\"https:\/\/sas-le-petit-train-des-alpes.sumupstore.com\/\">Boutique en Ligne<\/a><\/div>\n<\/div>\n<\/div>\n\n\n\n<div class=\"wp-block-column is-layout-flow wp-block-column-is-layout-flow\">\n<div class=\"wp-block-buttons is-content-justification-center is-layout-flex wp-container-core-buttons-is-layout-a89b3969 wp-block-buttons-is-layout-flex\">\n<div class=\"wp-block-button\"><a class=\"wp-block-button__link wp-element-button\" href=\"https:\/\/qrco.de\/bbn3G1\">flyer <\/a><\/div>\n<\/div>\n<\/div>\n<\/div>\n\n\n\n<div class=\"wp-block-buttons is-content-justification-center is-layout-flex wp-container-core-buttons-is-layout-a89b3969 wp-block-buttons-is-layout-flex\">\n<div class=\"wp-block-button\"><a class=\"wp-block-button__link wp-element-button\">tarif 2024<\/a><\/div>\n<\/div>\n\n\n\n<figure class=\"wp-block-table aligncenter\"><table><tbody><tr><td>Tarif<\/td><td><\/td><\/tr><tr><td>Plein tarif<\/td><td>5\u20ac<\/td><\/tr><tr><td>r\u00e9duit : (enfant 3 \u00e0 11 ans \/+65ans\/ personne en situation de handicap)<\/td><td>3\u20ac<\/td><\/tr><tr><td>Aller simple<\/td><td>3\u20ac<\/td><\/tr><tr><td>famille :(2 adultes 2enfants)<\/td><td>15\u20ac<\/td><\/tr><\/tbody><\/table><\/figure>\n\n\n\n<div class=\"wp-block-buttons is-content-justification-center is-layout-flex wp-container-core-buttons-is-layout-a89b3969 wp-block-buttons-is-layout-flex\">\n<div class=\"wp-block-button\"><a class=\"wp-block-button__link wp-element-button\">notre flyer<\/a><\/div>\n<\/div>\n\n\n\n<figure class=\"wp-block-gallery has-nested-images columns-default is-cropped wp-block-gallery-1 is-layout-flex wp-block-gallery-is-layout-flex\">\n<figure class=\"wp-block-image size-large\"><img loading=\"lazy\" decoding=\"async\" width=\"646\" height=\"920\" data-id=\"703\" src=\"https:\/\/www.le-petit-train-des-alpes.fr\/wp-content\/uploads\/2024\/04\/image.png\" alt=\"\" class=\"wp-image-703\" srcset=\"https:\/\/www.le-petit-train-des-alpes.fr\/wp-content\/uploads\/2024\/04\/image.png 646w, https:\/\/www.le-petit-train-des-alpes.fr\/wp-content\/uploads\/2024\/04\/image-211x300.png 211w\" sizes=\"auto, (max-width: 646px) 100vw, 646px\" \/><\/figure>\n<\/figure>\n","protected":false},"excerpt":{"rendered":"<p>Montez dans le plus beau village de France en petit train , d\u00e9couvrir ses rues pi\u00e9tonnes ainsi que ses petits secrets . Gr\u00e2ce au petit train garez-vous au parking Ma\u00efre [&hellip;]<\/p>\n","protected":false},"author":2,"featured_media":0,"parent":0,"menu_order":0,"comment_status":"closed","ping_status":"closed","template":"","meta":{"_uag_custom_page_level_css":"","_monsterinsights_skip_tracking":false,"_monsterinsights_sitenote_active":false,"_monsterinsights_sitenote_note":"","_monsterinsights_sitenote_category":0,"site-sidebar-layout":"default","site-content-layout":"","ast-site-content-layout":"default","site-content-style":"default","site-sidebar-style":"default","ast-global-header-display":"","ast-banner-title-visibility":"","ast-main-header-display":"","ast-hfb-above-header-display":"","ast-hfb-below-header-display":"","ast-hfb-mobile-header-display":"","site-post-title":"","ast-breadcrumbs-content":"","ast-featured-img":"","footer-sml-layout":"","theme-transparent-header-meta":"","adv-header-id-meta":"","stick-header-meta":"","header-above-stick-meta":"","header-main-stick-meta":"","header-below-stick-meta":"","astra-migrate-meta-layouts":"set","ast-page-background-enabled":"default","ast-page-background-meta":{"desktop":{"background-color":"var(--ast-global-color-4)","background-image":"","background-repeat":"repeat","background-position":"center center","background-size":"auto","background-attachment":"scroll","background-type":"","background-media":"","overlay-type":"","overlay-color":"","overlay-gradient":""},"tablet":{"background-color":"","background-image":"","background-repeat":"repeat","background-position":"center center","background-size":"auto","background-attachment":"scroll","background-type":"","background-media":"","overlay-type":"","overlay-color":"","overlay-gradient":""},"mobile":{"background-color":"","background-image":"","background-repeat":"repeat","background-position":"center center","background-size":"auto","background-attachment":"scroll","background-type":"","background-media":"","overlay-type":"","overlay-color":"","overlay-gradient":""}},"ast-content-background-meta":{"desktop":{"background-color":"var(--ast-global-color-5)","background-image":"","background-repeat":"repeat","background-position":"center center","background-size":"auto","background-attachment":"scroll","background-type":"","background-media":"","overlay-type":"","overlay-color":"","overlay-gradient":""},"tablet":{"background-color":"var(--ast-global-color-5)","background-image":"","background-repeat":"repeat","background-position":"center center","background-size":"auto","background-attachment":"scroll","background-type":"","background-media":"","overlay-type":"","overlay-color":"","overlay-gradient":""},"mobile":{"background-color":"var(--ast-global-color-5)","background-image":"","background-repeat":"repeat","background-position":"center center","background-size":"auto","background-attachment":"scroll","background-type":"","background-media":"","overlay-type":"","overlay-color":"","overlay-gradient":""}},"footnotes":""},"class_list":["post-655","page","type-page","status-publish","hentry"],"uagb_featured_image_src":{"full":false,"thumbnail":false,"medium":false,"medium_large":false,"large":false,"1536x1536":false,"2048x2048":false},"uagb_author_info":{"display_name":"therry fine","author_link":"https:\/\/www.le-petit-train-des-alpes.fr\/?author=2"},"uagb_comment_info":0,"uagb_excerpt":"Montez dans le plus beau village de France en petit train , d\u00e9couvrir ses rues pi\u00e9tonnes ainsi que ses petits secrets . Gr\u00e2ce au petit train garez-vous au parking Ma\u00efre [&hellip;]","_links":{"self":[{"href":"https:\/\/www.le-petit-train-des-alpes.fr\/index.php?rest_route=\/wp\/v2\/pages\/655","targetHints":{"allow":["GET"]}}],"collection":[{"href":"https:\/\/www.le-petit-train-des-alpes.fr\/index.php?rest_route=\/wp\/v2\/pages"}],"about":[{"href":"https:\/\/www.le-petit-train-des-alpes.fr\/index.php?rest_route=\/wp\/v2\/types\/page"}],"author":[{"embeddable":true,"href":"https:\/\/www.le-petit-train-des-alpes.fr\/index.php?rest_route=\/wp\/v2\/users\/2"}],"replies":[{"embeddable":true,"href":"https:\/\/www.le-petit-train-des-alpes.fr\/index.php?rest_route=%2Fwp%2Fv2%2Fcomments&post=655"}],"version-history":[{"count":15,"href":"https:\/\/www.le-petit-train-des-alpes.fr\/index.php?rest_route=\/wp\/v2\/pages\/655\/revisions"}],"predecessor-version":[{"id":710,"href":"https:\/\/www.le-petit-train-des-alpes.fr\/index.php?rest_route=\/wp\/v2\/pages\/655\/revisions\/710"}],"wp:attachment":[{"href":"https:\/\/www.le-petit-train-des-alpes.fr\/index.php?rest_route=%2Fwp%2Fv2%2Fmedia&parent=655"}],"curies":[{"name":"wp","href":"https:\/\/api.w.org\/{rel}","templated":true}]}}